{"id":7,"date":"2013-04-26T09:18:31","date_gmt":"2013-04-26T07:18:31","guid":{"rendered":"http:\/\/www.egwesthavelland.de\/?page_id=7"},"modified":"2026-03-15T16:00:36","modified_gmt":"2026-03-15T14:00:36","slug":"genossenschaft","status":"publish","type":"page","link":"https:\/\/www.egwesthavelland.de\/?page_id=7","title":{"rendered":"Genossenschaft"},"content":{"rendered":"<p>Energiegenossenschaft Westhavelland eG, Lilienthalstra\u00dfe 3, 14728 Rhinow<\/p>\n<p>Internet: www.EGWesthavelland.de E-Mail: post@EGWesthavelland.de<\/p>\n<p style=\"text-align: right;\"><em>Am 7.2.2013 wurde die EnergieGenossenschaft Westhavelland eG im<\/em><br \/>\n<em>Genossenschaftsregister des Amtsgerichtes Potsdam unter der Nummer GnR 449 P eingetragen.<\/em><\/p>\n<p><strong>Was tun wir?<\/strong><br \/>\nSeit \u00fcber zw\u00f6lf Jahren setzen wir uns in der Energiegenossenschaft Westhavelland eG f\u00fcr die Energiewende ein. Derzeit betreiben wir sieben Photovoltaik-Anlagen auf D\u00e4chern von Schulen (Grundschulen in Nennhausen und Hohennauen) und kommunaler Wohnungsbaugesellschaften (Kle\u00dfen, M\u00f6thlitz, Rathenow) mit einer Gesamtleistung von 140 kWp.<\/p>\n<p>Die \u00fcber 80 Mitglieder (nat\u00fcrliche Personen, Gemeinden, \u00c4mter sowie der Landkreis Havelland) haben bisher \u00fcber 150.000 Euro an Genossenschaftsanteilen \u00fcbernommen. Neue Mitglieder sind willkommen. Schon mit 100 Euro sind Sie dabei! Jedes Mitglied hat eine Stimme in der Generalversammlung, die Mitglieder berufen den Aufsichtsrat, dieser den Vorstand. Alle Gremien arbeiten ehrenamtlich.<br \/>\nWarum tun wir, was wir tun?<br \/>\nWir haben die EGW eG gegr\u00fcndet aus der \u00dcberzeugung, dass wir selbst uns um die Energieerzeugung k\u00fcmmern m\u00fcssen, wenn wir von den Anlagen vor unserer Haust\u00fcr auch etwas haben wollen, wenn die Wertsch\u00f6pfung in der Region bleiben soll.<\/p>\n<p><a href=\"https:\/\/www.egwesthavelland.de\/wp-content\/uploads\/2026\/03\/Westhavelland_Photovoltaik_Web_06.jpg\"><img loading=\"lazy\" decoding=\"async\" class=\"alignnone size-full wp-image-464\" src=\"https:\/\/www.egwesthavelland.de\/wp-content\/uploads\/2026\/03\/Westhavelland_Photovoltaik_Web_06.jpg\" alt=\"PV Anlage auf Grundschule Nennhausen\" width=\"1024\" height=\"576\" srcset=\"https:\/\/www.egwesthavelland.de\/wp-content\/uploads\/2026\/03\/Westhavelland_Photovoltaik_Web_06.jpg 1024w, https:\/\/www.egwesthavelland.de\/wp-content\/uploads\/2026\/03\/Westhavelland_Photovoltaik_Web_06-300x169.jpg 300w, https:\/\/www.egwesthavelland.de\/wp-content\/uploads\/2026\/03\/Westhavelland_Photovoltaik_Web_06-768x432.jpg 768w, https:\/\/www.egwesthavelland.de\/wp-content\/uploads\/2026\/03\/Westhavelland_Photovoltaik_Web_06-250x141.jpg 250w\" sizes=\"auto, (max-width: 1024px) 100vw, 1024px\" \/><\/a><\/p>\n<p>Lange bevor es verbindlich Geld f\u00fcr Kommunen gab, wenn PV Anlagen oder Windr\u00e4der errichtet werden, haben wir Beteiligung praktisch organisiert. Das war und ist bei den st\u00e4ndig wechselnden gesetzlichen Regelungen und Ausrichtungen der Energiepolitik nicht einfach. Aber es lohn sich! Nicht nur, wegen des Geldes, sondern auch, weil wir mitgestalten, wie wir leben wollen. Bei uns wird Energiepolitik praktisch und Beteiligung nicht nur diskutiert, sondern gestaltet.<\/p>\n<p><strong>Was kommt als n\u00e4chstes?<\/strong><\/p>\n<p>Die Energiepolitik \u00e4ndert in Deutschland gerade wieder die Richtung, es ist schwer zu sagen, wie die Bedingungen f\u00fcr neue Projekte werden. Das ist aber kein Grund, aufzugeben \u2013 solche Situationen gab es in den letzten 12 Jahren h\u00e4ufiger. Durch unsere enge Verbindung mit Kommunen setzen wir darauf, M\u00f6glichkeiten die es noch gibt oder die sich gerade auftun, zu nutzen. Zum Beispiel Energy Sharing. Oder neue Anlagen mit Kommunen aus dem SoNah Projekt. Nicht zuletzt stecken wir gerade selbst in einem Coaching Projekt, durch das wir uns besser aufstellen wollen (als erstes unsere Homepage\u2026).<br \/>\nKonkret: Zusammen mit der Stadt Rhinow ist ein Projekt f\u00fcr eine PV &#8211; Freifl\u00e4chenanlage im Stadtgebiet Rhinow m\u00f6glich, mit dem neue Beteiligungs- und Versorgungsm\u00f6glichkeiten f\u00fcr die Bev\u00f6lkerung umgesetzt werden k\u00f6nnten. F\u00fcr eine Teilfl\u00e4che des Gewerbegebietes von rund 25.000 m\u00b2 wird von der Stadt Rhinow ein Bebauungsplan entwickelt. Das kann eine gro\u00dfe Anlage werden, oder eine kleinere, die den Strom an die Stadt verkauft \u2013 die Anfrage beim Netzbetreiber l\u00e4uft, welche Leistung am konkreten Ort eingespeist werden kann.<br \/>\n<a href=\"https:\/\/www.egwesthavelland.de\/wp-content\/uploads\/2026\/03\/Zeichnung-B-Plan-Rhinow.jpg\"><img loading=\"lazy\" decoding=\"async\" class=\"alignnone size-full wp-image-466\" src=\"https:\/\/www.egwesthavelland.de\/wp-content\/uploads\/2026\/03\/Zeichnung-B-Plan-Rhinow.jpg\" alt=\"Zeichnung Entwurf B-Plan Gewerbegebiet Rhinow \" width=\"457\" height=\"469\" srcset=\"https:\/\/www.egwesthavelland.de\/wp-content\/uploads\/2026\/03\/Zeichnung-B-Plan-Rhinow.jpg 457w, https:\/\/www.egwesthavelland.de\/wp-content\/uploads\/2026\/03\/Zeichnung-B-Plan-Rhinow-292x300.jpg 292w, https:\/\/www.egwesthavelland.de\/wp-content\/uploads\/2026\/03\/Zeichnung-B-Plan-Rhinow-250x257.jpg 250w\" sizes=\"auto, (max-width: 457px) 100vw, 457px\" \/><\/a><\/p>\n<p>M\u00f6glich scheint auch die Beteiligung an einem Windrad nach Repowering, hier beginnen die Gespr\u00e4ch gerade. Wer wissen will, wie es weitergeht, findet die Informationen in K\u00fcrze auf unserer Homepage.<\/p>\n<p><strong>Wer ist denn \u201eWir\u201c?<\/strong><\/p>\n<p>Vorstand: Jens Aasmann (Amt Rhinow), Sabine Spiesmacher (Havelaue), Karsten Fischer (Rathenow)<br \/>\nAufsichtsrat: Vorsitzender Andr\u00e9 Wiedenh\u00f6ft (VoBa Rathenow) , Mirko Albrecht (Milower Land), Michael Koch (Landkreis Havelland), Michael Spieck (Stechow-Ferchesar), Ernst-Dietrich Wille (Seeblick) und Paul Zander (Kle\u00dfen-G\u00f6rne) . Stand: 03\/2026<\/p>\n","protected":false},"excerpt":{"rendered":"<p>Energiegenossenschaft Westhavelland eG, Lilienthalstra\u00dfe 3, 14728 Rhinow Internet: www.EGWesthavelland.de E-Mail: post@EGWesthavelland.de Am 7.2.2013 wurde die EnergieGenossenschaft Westhavelland eG im Genossenschaftsregister des Amtsgerichtes Potsdam unter der Nummer GnR 449 P eingetragen. Was tun wir? Seit \u00fcber zw\u00f6lf Jahren setzen wir uns<span class=\"ellipsis\">&hellip;<\/span><\/p>\n<div class=\"read-more\"><a href=\"https:\/\/www.egwesthavelland.de\/?page_id=7\">Weiterlesen \u203a<\/a><\/div>\n<p><!-- end of .read-more --><\/p>\n","protected":false},"author":1,"featured_media":0,"parent":0,"menu_order":0,"comment_status":"closed","ping_status":"closed","template":"","meta":{"footnotes":""},"class_list":["post-7","page","type-page","status-publish","hentry"],"_links":{"self":[{"href":"https:\/\/www.egwesthavelland.de\/index.php?rest_route=\/wp\/v2\/pages\/7","targetHints":{"allow":["GET"]}}],"collection":[{"href":"https:\/\/www.egwesthavelland.de\/index.php?rest_route=\/wp\/v2\/pages"}],"about":[{"href":"https:\/\/www.egwesthavelland.de\/index.php?rest_route=\/wp\/v2\/types\/page"}],"author":[{"embeddable":true,"href":"https:\/\/www.egwesthavelland.de\/index.php?rest_route=\/wp\/v2\/users\/1"}],"replies":[{"embeddable":true,"href":"https:\/\/www.egwesthavelland.de\/index.php?rest_route=%2Fwp%2Fv2%2Fcomments&post=7"}],"version-history":[{"count":13,"href":"https:\/\/www.egwesthavelland.de\/index.php?rest_route=\/wp\/v2\/pages\/7\/revisions"}],"predecessor-version":[{"id":470,"href":"https:\/\/www.egwesthavelland.de\/index.php?rest_route=\/wp\/v2\/pages\/7\/revisions\/470"}],"wp:attachment":[{"href":"https:\/\/www.egwesthavelland.de\/index.php?rest_route=%2Fwp%2Fv2%2Fmedia&parent=7"}],"curies":[{"name":"wp","href":"https:\/\/api.w.org\/{rel}","templated":true}]}}