{"id":17,"date":"2013-04-26T09:25:37","date_gmt":"2013-04-26T07:25:37","guid":{"rendered":"http:\/\/www.egwesthavelland.de\/?page_id=17"},"modified":"2023-06-12T14:27:06","modified_gmt":"2023-06-12T12:27:06","slug":"aktuell","status":"publish","type":"page","link":"https:\/\/www.egwesthavelland.de\/?page_id=17","title":{"rendered":"Aktuell"},"content":{"rendered":"\n<div class=\"wp-block-query is-layout-flow wp-block-query-is-layout-flow\"><ul class=\"wp-block-post-template is-layout-flow wp-block-post-template-is-layout-flow\"><li class=\"wp-block-post post-486 post type-post status-publish format-standard hentry category-allgemein\">\n<h2 class=\"wp-block-post-title\"><a href=\"https:\/\/www.egwesthavelland.de\/?p=486\" target=\"_self\" >Servicestelle \u201eSoNah\u201c f\u00fcr Photovoltaik und Nahw\u00e4rme nimmt die Arbeit auf<\/a><\/h2>\n\n\n\n<div class=\"wp-block-post-excerpt\"><p class=\"wp-block-post-excerpt__excerpt\">Die Lokalen Aktionsgruppen Havelland und Fl\u00e4ming-Havel haben in ihrem gemeinsamen Vorhaben, die Wertsch\u00f6pfung aus Solarenergie und Nahw\u00e4rmeprojekten in ihren Regionen zu st\u00e4rken, einen wichtigen Meilenstein erreicht. Die in Eberswalde ans\u00e4ssige Energiegenossenschaft Inselwerke eG hat den Zuschlag f\u00fcr eine Servicestelle erhalten.&hellip;Weiterlesen \u203a <\/p><\/div>\n\n\n<hr class=\"wp-block-separator has-css-opacity\"\/>\n\n\n<div class=\"wp-block-post-date\"><time datetime=\"2026-03-15T17:31:52+02:00\">15. M\u00e4rz 2026<\/time><\/div>\n<\/li><li class=\"wp-block-post post-484 post type-post status-publish format-standard hentry category-allgemein\">\n<h2 class=\"wp-block-post-title\"><a href=\"https:\/\/www.egwesthavelland.de\/?p=484\" target=\"_self\" >Neues Vorstandsmitglied<\/a><\/h2>\n\n\n\n<div class=\"wp-block-post-excerpt\"><p class=\"wp-block-post-excerpt__excerpt\">Seit Anfang des Jahres verst\u00e4rkt Karsten Fischer aus Rathenow das Vorstandsteam der EnergieGenossenschaft Westhavelland eG. Neben Sabine Spiesmacher und Jens Aasmann ist er das dritte Mitglied des ehrenamtlich t\u00e4tigen Vorstandes. Karsten Fischer ist seit vielen Jahren Mitglied der EGW eG&hellip;Weiterlesen \u203a <\/p><\/div>\n\n\n<hr class=\"wp-block-separator has-css-opacity\"\/>\n\n\n<div class=\"wp-block-post-date\"><time datetime=\"2026-03-15T17:18:21+02:00\">15. M\u00e4rz 2026<\/time><\/div>\n<\/li><li class=\"wp-block-post post-478 post type-post status-publish format-standard hentry category-allgemein\">\n<h2 class=\"wp-block-post-title\"><a href=\"https:\/\/www.egwesthavelland.de\/?p=478\" target=\"_self\" >Coaching gestartet<\/a><\/h2>\n\n\n\n<div class=\"wp-block-post-excerpt\"><p class=\"wp-block-post-excerpt__excerpt\">Die EnergieGenossenschaft Westhavelland eG hat sich mit Erfolg um ein Coaching f\u00fcr Energiegenossenschaften beworben. Ziel ist es, durch einen Blick von au\u00dfen Ans\u00e4tze f\u00fcr eine gute Weiterentwicklung zu finden. Mitwirkung, Projekte, Organisation \u2013 alles wird mit erfahrenen Coaches des Netzwerk&hellip;Weiterlesen \u203a <\/p><\/div>\n\n\n<hr class=\"wp-block-separator has-css-opacity\"\/>\n\n\n<div class=\"wp-block-post-date\"><time datetime=\"2026-03-15T17:08:58+02:00\">15. M\u00e4rz 2026<\/time><\/div>\n<\/li><\/ul><\/div>\n","protected":false},"excerpt":{"rendered":"","protected":false},"author":1,"featured_media":0,"parent":0,"menu_order":0,"comment_status":"closed","ping_status":"open","template":"","meta":{"footnotes":""},"class_list":["post-17","page","type-page","status-publish","hentry"],"_links":{"self":[{"href":"https:\/\/www.egwesthavelland.de\/index.php?rest_route=\/wp\/v2\/pages\/17","targetHints":{"allow":["GET"]}}],"collection":[{"href":"https:\/\/www.egwesthavelland.de\/index.php?rest_route=\/wp\/v2\/pages"}],"about":[{"href":"https:\/\/www.egwesthavelland.de\/index.php?rest_route=\/wp\/v2\/types\/page"}],"author":[{"embeddable":true,"href":"https:\/\/www.egwesthavelland.de\/index.php?rest_route=\/wp\/v2\/users\/1"}],"replies":[{"embeddable":true,"href":"https:\/\/www.egwesthavelland.de\/index.php?rest_route=%2Fwp%2Fv2%2Fcomments&post=17"}],"version-history":[{"count":5,"href":"https:\/\/www.egwesthavelland.de\/index.php?rest_route=\/wp\/v2\/pages\/17\/revisions"}],"predecessor-version":[{"id":421,"href":"https:\/\/www.egwesthavelland.de\/index.php?rest_route=\/wp\/v2\/pages\/17\/revisions\/421"}],"wp:attachment":[{"href":"https:\/\/www.egwesthavelland.de\/index.php?rest_route=%2Fwp%2Fv2%2Fmedia&parent=17"}],"curies":[{"name":"wp","href":"https:\/\/api.w.org\/{rel}","templated":true}]}}